{"id":48,"date":"2021-02-01T10:50:08","date_gmt":"2021-02-01T10:50:08","guid":{"rendered":"http:\/\/www.atelierbures.com\/?page_id=48"},"modified":"2021-05-27T07:28:03","modified_gmt":"2021-05-27T07:28:03","slug":"o-nas","status":"publish","type":"page","link":"https:\/\/www.atelierbures.com\/index.php\/o-nas\/","title":{"rendered":"Slu\u017eby"},"content":{"rendered":"\n<p>Projek\u010dn\u00ed ateli\u00e9r zaji\u0161\u0165uje od roku 2017 komplexn\u00ed slu\u017eby v oblasti projektov\u00e1n\u00ed pozemn\u00edch staveb, se specializac\u00ed na d\u0159evostavby. Jde zejm\u00e9na o novostavby a stavebn\u00ed \u00fapravy rodinn\u00fdch dom\u016f, p\u016fdn\u00ed vestavby, kancel\u00e1\u0159sk\u00e9 a administrativn\u00ed prostory.<\/p>\n\n\n\n<p>P\u0159\u00edpravn\u00e9 pr\u00e1ce<\/p>\n\n\n\n<ul><li>zaji\u0161t\u011bn\u00ed \u00fazemn\u011b pl\u00e1novac\u00edch informac\u00ed a regulativ\u016f<\/li><li>stavebn\u011b technick\u00fd pr\u016fzkum &#8211; in\u017een\u00fdrskogeologick\u00fd, radonov\u00fd, hydrogeologick\u00fd pr\u016fzkum, geodetick\u00e9 zam\u011b\u0159en\u00ed<\/li><li>zaji\u0161t\u011bn\u00ed podklad\u016f k in\u017een\u00fdrsk\u00fdm s\u00edt\u00edm<\/li><li>jedn\u00e1n\u00ed se stavebn\u00edmi \u00fa\u0159ady, spr\u00e1vci s\u00edt\u00ed a v\u0161emi dot\u010den\u00fdmi org\u00e1ny<\/li><\/ul>\n\n\n\n<p>Projek\u010dn\u00ed pr\u00e1ce<\/p>\n\n\n\n<ul><li>architektonick\u00fd n\u00e1vrh stavby a osazen\u00ed stavby na pozemek<\/li><li>projekty pro \u00fazemn\u011b pl\u00e1novac\u00ed informaci, \u00fazemn\u00ed \u0159\u00edzen\u00ed, stavebn\u00ed povolen\u00ed a ohl\u00e1\u0161en\u00ed stavby<\/li><li>rekonstrukce a stavebn\u00ed \u00fapravy<\/li><li>projekty p\u0159\u00edpojek in\u017een\u00fdrsk\u00fdch s\u00edt\u00ed (vodovody, kanalizace, plyn, elekt\u0159ina)<\/li><li>vizualizace, 3D model<\/li><li>pr\u016fkaz energetick\u00e9 n\u00e1ro\u010dnosti (PENB)<\/li><li>po\u017e\u00e1rn\u00ed zpr\u00e1va<\/li><\/ul>\n\n\n\n<p>In\u017een\u00fdring<\/p>\n\n\n\n<ul><li>vy\u0159\u00edzen\u00ed \u00fazemn\u00edho povolen\u00ed, stavebn\u00edho povolen\u00ed, ohl\u00e1\u0161en\u00ed stavby<\/li><li>spolupr\u00e1ce p\u0159i zad\u00e1n\u00ed realizace stavby<\/li><li>autorsk\u00fd dozor<\/li><li>spolupr\u00e1ce po dokon\u010den\u00ed stavby<\/li><\/ul>\n\n\n\n<p><\/p>\n","protected":false},"excerpt":{"rendered":"<p>Projek\u010dn\u00ed ateli\u00e9r zaji\u0161\u0165uje od roku 2017 komplexn\u00ed slu\u017eby v oblasti projektov\u00e1n\u00ed pozemn\u00edch staveb, se specializac\u00ed na d\u0159evostavby. Jde zejm\u00e9na o novostavby a stavebn\u00ed \u00fapravy rodinn\u00fdch [&hellip;]<\/p>\n","protected":false},"author":1,"featured_media":0,"parent":0,"menu_order":0,"comment_status":"closed","ping_status":"closed","template":"","meta":[],"_links":{"self":[{"href":"https:\/\/www.atelierbures.com\/index.php\/wp-json\/wp\/v2\/pages\/48"}],"collection":[{"href":"https:\/\/www.atelierbures.com\/index.php\/wp-json\/wp\/v2\/pages"}],"about":[{"href":"https:\/\/www.atelierbures.com\/index.php\/wp-json\/wp\/v2\/types\/page"}],"author":[{"embeddable":true,"href":"https:\/\/www.atelierbures.com\/index.php\/wp-json\/wp\/v2\/users\/1"}],"replies":[{"embeddable":true,"href":"https:\/\/www.atelierbures.com\/index.php\/wp-json\/wp\/v2\/comments?post=48"}],"version-history":[{"count":5,"href":"https:\/\/www.atelierbures.com\/index.php\/wp-json\/wp\/v2\/pages\/48\/revisions"}],"predecessor-version":[{"id":87,"href":"https:\/\/www.atelierbures.com\/index.php\/wp-json\/wp\/v2\/pages\/48\/revisions\/87"}],"wp:attachment":[{"href":"https:\/\/www.atelierbures.com\/index.php\/wp-json\/wp\/v2\/media?parent=48"}],"curies":[{"name":"wp","href":"https:\/\/api.w.org\/{rel}","templated":true}]}}