{"id":101,"date":"2021-05-27T09:19:57","date_gmt":"2021-05-27T09:19:57","guid":{"rendered":"https:\/\/www.atelierbures.com\/?page_id=101"},"modified":"2021-05-27T09:19:57","modified_gmt":"2021-05-27T09:19:57","slug":"gdpr","status":"publish","type":"page","link":"https:\/\/www.atelierbures.com\/index.php\/gdpr\/","title":{"rendered":"GDPR"},"content":{"rendered":"\n<p><strong>Z\u00e1sady ochrany osobn\u00edch \u00fadaj\u016f<\/strong><\/p>\n\n\n\n<p>Bezpe\u010d\u00ed Va\u0161ich osobn\u00edch \u00fadaj\u016f je pro n\u00e1s z\u00e1sadn\u00ed, proto jim v\u011bnujeme n\u00e1le\u017eitou pozornost. Webov\u00e9 str\u00e1nky <a href=\"https:\/\/www.atelierbures.com\" data-type=\"URL\" data-id=\"https:\/\/www.atelierbures.com\">www.atelierbures.com <\/a>jsou provozov\u00e1ny p\u0159edev\u0161\u00edm za \u00fa\u010delem nab\u00edzen\u00ed slu\u017eeb. To se\u00a0sebou jako svou nutnou sou\u010d\u00e1st nese i pr\u00e1ci s osobn\u00edmi \u00fadaji. Seznamte se pros\u00edm s n\u00e1sleduj\u00edc\u00edmi Z\u00e1sadami ochrany osobn\u00edch \u00fadaj\u016f. <br>GDPR \u2013 anglicky General Data Protection Regulation neboli obecn\u00e9 na\u0159\u00edzen\u00ed o ochran\u011b osobn\u00edch \u00fadaj\u016f, cel\u00fdm n\u00e1zvem Na\u0159\u00edzen\u00ed Evropsk\u00e9ho parlamentu a Rady (EU) 2016\/679 ze dne 27. dubna 2016 o ochran\u011b fyzick\u00fdch osob v souvislosti se zpracov\u00e1n\u00edm osobn\u00edch \u00fadaj\u016f a o voln\u00e9m pohybu t\u011bchto \u00fadaj\u016f a o zru\u0161en\u00ed sm\u011brnice 95\/46\/ES, je nov\u00fd pr\u00e1vn\u00ed p\u0159edpis EU, kter\u00fdm je zav\u00e1d\u011bna evropsk\u00e1 reforma ochrany osobn\u00edch \u00fadaj\u016f.\u00a0<\/p>\n\n\n\n<p><strong>Spr\u00e1vce Va\u0161ich osobn\u00edch \u00fadaj\u016f<\/strong><\/p>\n\n\n\n<p>Ing. Jan Bure\u0161 se s\u00eddlem \u0160irok\u00e1 504, 683 52 K\u0159enovice, zaps\u00e1na v \u017dR Slavkov u Brna, I\u010c 06697020<\/p>\n\n\n\n<p><strong>\u00da\u010del zpracov\u00e1n\u00ed Va\u0161ich osobn\u00edch \u00fadaj\u016f<\/strong><\/p>\n\n\n\n<p>&#8211; uzav\u0159en\u00ed smluv na poskytnut\u00ed poradenstv\u00ed, zpracov\u00e1n\u00ed projektov\u00e9 dokumentace, technick\u00e9ho dozoru atd\u2026<\/p>\n\n\n\n<p>&#8211; z d\u016fvodu z\u00e1konn\u00e9ho s ohledem na z\u00e1kony o \u00fa\u010detnictv\u00ed\/da\u0148ov\u00e9(DPH, da\u0148 z p\u0159\u00edjmu,..) po\u00a0dobu uvedenou v p\u0159\u00edslu\u0161n\u00fdch z\u00e1konech.<\/p>\n\n\n\n<p>&#8211; z d\u016fvodu ochrany z\u00e1jmu podnikatelsk\u00e9 \u010dinnosti.<\/p>\n\n\n\n<p>&#8211; z d\u016fvodu poskytnut\u00ed z\u00e1kladn\u00edch osobn\u00edch informac\u00ed opr\u00e1vn\u011bn\u00fdm t\u0159et\u00edm osob\u00e1m (\u00fa\u010detn\u00ed odd\u011blen\u00ed, pr\u00e1vn\u00ed odd\u011blen\u00ed\u2026) zpracov\u00e1vaj\u00edc\u00ed osobn\u00ed \u00fadaje z d\u016fvodu poskytnut\u00ed zprost\u0159edkov\u00e1n\u00ed<\/p>\n\n\n\n<p><strong>Zpracovatel\u00e9 a p\u0159\u00edjemci osobn\u00edch \u00fadaj\u016f<\/strong><\/p>\n\n\n\n<p>&#8211; org\u00e1ny ve\u0159ejn\u00e9 moci (nap\u0159. soudy, spr\u00e1vn\u00ed org\u00e1ny)<\/p>\n\n\n\n<p>&#8211; poskytovatel\u00e9 \u00fadr\u017eby informa\u010dn\u00edho syst\u00e9mu<\/p>\n\n\n\n<p>&#8211;  osoby spolupracuj\u00edc\u00ed se spr\u00e1vci<\/p>\n\n\n\n<p>&#8211; \u00fa\u010detn\u00ed odd\u011blen\u00ed<\/p>\n\n\n\n<p>&#8211; dal\u0161\u00ed p\u0159\u00edjemci dle pot\u0159eb a pokyn\u016f z\u00e1kazn\u00edka <\/p>\n\n\n\n<p><strong>Doba uchov\u00e1v\u00e1n\u00ed \u00fadaj\u016f<\/strong><\/p>\n\n\n\n<p>Shrom\u00e1\u017ed\u011bn\u00e9 \u00fadaje uchov\u00e1v\u00e1me po dobu nezbytnou k v\u00fdkonu pr\u00e1v a povinnost\u00ed vypl\u00fdvaj\u00edc\u00edch ze smluvn\u00edho vztahu a n\u00e1rok\u016f z t\u011bchto smluvn\u00edch vztah\u016f (v rozsahu 5 \u2013 10 let od ukon\u010den\u00ed smluvn\u00edho vztahu).<\/p>\n\n\n\n<p><strong>Pr\u00e1va klienta<\/strong><\/p>\n\n\n\n<p><strong>Pr\u00e1vo na zp\u0159\u00edstupn\u011bn\u00ed informac\u00ed a pr\u00e1vo na jejich opravu<\/strong><br>Kdykoliv v\u00a0budoucnu budete cht\u00edt, m\u016f\u017eete n\u00e1s zasl\u00e1n\u00edm zpr\u00e1vy na e-mailovu adresu\u00a0<a href=\"mailto:atelierbures@gmail.com\">atelierbures@gmail.com<\/a>\u00a0(d\u00e1le jen \u201e<strong>e-mailov\u00e1 adresa provozovatele<\/strong>\u201c) po\u017e\u00e1dat o zasl\u00e1n\u00ed potvrzen\u00ed, zda jsou \u010di nejsou Va\u0161e osobn\u00ed \u00fadaje zpracov\u00e1v\u00e1ny. V\u00a0p\u0159\u00edpad\u011b, \u017ee Va\u0161e \u00fadaje n\u00e1mi budou zpracov\u00e1ny, m\u016f\u017eeme V\u00e1s na Va\u0161i \u017e\u00e1dost nad r\u00e1mec informac\u00ed poskytnut\u00fdch v\u00a0t\u011bchto Z\u00e1sad\u00e1ch ochrany\u00a0osobn\u00edch \u00fadaj\u016f informovat i o p\u0159\u00edpadn\u00fdch t\u0159et\u00edch osob\u00e1ch, kter\u00fdm byly nebo budou Va\u0161e osobn\u00ed \u00fadaje zp\u0159\u00edstupn\u011bny a pokud nez\u00edsk\u00e1me osobn\u00ed \u00fadaje od V\u00e1s, m\u00e1te pr\u00e1vo na ve\u0161ker\u00e9 n\u00e1m dostupn\u00e9 informace o tom, odkud jsme Va\u0161e osobn\u00ed informace z\u00edskali.<\/p>\n\n\n\n<p>Pokud o V\u00e1s budeme zpracov\u00e1vat Va\u0161e osobn\u00ed \u00fadaje nep\u0159esn\u011b, m\u016f\u017eete n\u00e1s na tuto skute\u010dnost zasl\u00e1n\u00edm zpr\u00e1vy na e-mailovou adresu provozovatele upozornit, my pak bez zbyte\u010dn\u00e9ho odkladu nep\u0159esn\u00e9 osobn\u00ed \u00fadaje oprav\u00edme.<\/p>\n\n\n\n<p><strong>Pr\u00e1vo vzn\u00e9st n\u00e1mitky proti zpracov\u00e1n\u00ed osobn\u00edch \u00fadaj\u016f<\/strong><br>V&nbsp;p\u0159\u00edpad\u011b, \u017ee budeme Va\u0161e osobn\u00ed \u00fadaje zpracov\u00e1vat na z\u00e1klad\u011b n\u00e1mi opr\u00e1vn\u011bn\u00e9ho z\u00e1jmu, m\u00e1te pr\u00e1vo proti takov\u00e9mu zpracov\u00e1n\u00ed vzn\u00e9st n\u00e1mitky, a to zasl\u00e1n\u00edm zpr\u00e1vy na e-mailovou adresu provozovatele. Pokud takovou n\u00e1mitku pod\u00e1te, nebudeme moci Va\u0161e osobn\u00ed \u00fadaje zpracov\u00e1vat, dokud neprok\u00e1\u017eeme, jak\u00fd z\u00e1va\u017en\u00fd opr\u00e1vn\u011bn\u00fd d\u016fvod pro zpracov\u00e1n\u00ed m\u00e1me, a \u017ee tento n\u00e1\u0161 d\u016fvod p\u0159ev\u00e1\u017e\u00ed nad Va\u0161imi z\u00e1jmy, Va\u0161imi pr\u00e1vy a svobodami \u010di nad v\u00fdkonem nebo obhajobou pr\u00e1vn\u00edch n\u00e1rok\u016f.<\/p>\n\n\n\n<p>Pokud bychom zpracov\u00e1vali Va\u0161e osobn\u00ed \u00fadaje pro \u00fa\u010dely p\u0159\u00edm\u00e9ho marketingu (nap\u0159. z&nbsp;d\u016fvod\u016f zas\u00edl\u00e1n\u00ed obchodn\u00edch sd\u011blen\u00ed), m\u016f\u017eete vzn\u00e9st na v\u00fd\u0161e uvedenou e-mailovou adresu n\u00e1mitky, proti takov\u00e9mu zpracov\u00e1n\u00ed, p\u0159i\u010dem\u017e po vznesen\u00ed takov\u00e9 n\u00e1mitky ji\u017e nebudeme tyto \u00fadaje pro \u00fa\u010dely p\u0159\u00edm\u00e9ho marketingu zpracov\u00e1vat.<\/p>\n\n\n\n<p><strong>Pr\u00e1vo na omezen\u00ed pr\u00e1ce s&nbsp;osobn\u00edmi \u00fadaji<\/strong><br>M\u00e1te pr\u00e1vo, abychom omezili jak\u00e9koliv zpracov\u00e1n\u00ed Va\u0161ich osobn\u00edch \u00fadaj\u016f v\u010detn\u011b jejich vymaz\u00e1n\u00ed:<\/p>\n\n\n\n<ol><li>Pokud n\u00e1m d\u00e1te v\u011bd\u011bt, \u017ee jsou n\u00e1mi shrom\u00e1\u017ed\u011bn\u00e9 osobn\u00ed \u00fadaje nep\u0159esn\u00e9, a to a\u017e do ov\u011b\u0159en\u00ed jejich spr\u00e1vnosti.<\/li><li>Pokud bude zpracov\u00e1n\u00ed Va\u0161ich osobn\u00edch \u00fadaj\u016f protipr\u00e1vn\u00ed a Vy po\u017e\u00e1d\u00e1te zasl\u00e1n\u00edm zpr\u00e1vy na e-mailovou adresu provozovatele nam\u00edsto o vymaz\u00e1n\u00ed o omezen\u00ed jejich pou\u017eit\u00ed.<\/li><li>Pokud Va\u0161e osobn\u00ed \u00fadaje ji\u017e sice nebudeme pot\u0159ebovat pro zaji\u0161t\u011bn\u00ed na\u0161ich slu\u017eeb, ale Vy je budete po\u017eadovat pro ur\u010den\u00ed, v\u00fdkon nebo obhajobu Va\u0161ich pr\u00e1vn\u00edch n\u00e1rok\u016f.<\/li><li>Pokud vznesete n\u00e1mitku proti zpracov\u00e1n\u00ed dle odstavce v\u00fd\u0161e, a to do doby, ne\u017e ov\u011b\u0159\u00edme, zda na\u0161e d\u016fvody zpracov\u00e1n\u00ed p\u0159eva\u017euj\u00ed nad Va\u0161imi z\u00e1jmy.<\/li><\/ol>\n\n\n\n<p><strong>Pr\u00e1vo b\u00fdt zapomenut (pr\u00e1vo na vymaz\u00e1n\u00ed osobn\u00edch \u00fadaj\u016f)<\/strong><br>V&nbsp;p\u0159\u00edpad\u011b, \u017ee zjist\u00edte, \u017ee zpracov\u00e1v\u00e1me Va\u0161e osobn\u00ed \u00fadaje:<\/p>\n\n\n\n<ol><li>P\u0159esto\u017ee ji\u017e nen\u00ed jejich zpracov\u00e1n\u00ed pot\u0159ebn\u00e9 pro \u00fa\u010dely, kv\u016fli kter\u00fdm jsme je z\u00edskali.<\/li><li>Odvol\u00e1te souhlas s&nbsp;jejich zpracov\u00e1n\u00edm a&nbsp;z\u00e1rove\u0148 nebude existovat \u017e\u00e1dn\u00fd dal\u0161\u00ed d\u016fvod pro jejich zpracov\u00e1n\u00ed (samoz\u0159ejm\u011b jen v&nbsp;p\u0159\u00edpadech, kde zpracov\u00e1v\u00e1me Va\u0161e osobn\u00ed \u00fadaje na z\u00e1klad\u011b Va\u0161eho souhlasu).<\/li><li>Pokud vznesete n\u00e1mitku podle odstavce uveden\u00e9ho v\u00fd\u0161e a my V\u00e1m nebudeme schopni prok\u00e1zat opr\u00e1vn\u011bn\u00e9 d\u016fvody pro jejich zpracov\u00e1n\u00ed, kter\u00e9 p\u0159ev\u00e1\u017e\u00ed nad Va\u0161imi z\u00e1jmy, Va\u0161imi pr\u00e1vy a svobodami \u010di nad v\u00fdkonem nebo obhajobou pr\u00e1vn\u00edch n\u00e1rok\u016f.<\/li><li>Neopr\u00e1vn\u011bn\u011b.<\/li><\/ol>\n\n\n\n<p>M\u00e1te pr\u00e1vo na to, abychom bez zbyte\u010dn\u00e9ho odkladu od ozn\u00e1men\u00ed takov\u00fdchto skute\u010dnost\u00ed zasl\u00e1n\u00edm zpr\u00e1vy na e-mailovou adresu provozovatele z takto zpracov\u00e1van\u00e9 osobn\u00ed \u00fadaje vymazali. \u00dadaje pak nem\u016f\u017eeme ani na Va\u0161i \u017e\u00e1dost vymazat, pokud bude jejich zpracov\u00e1n\u00ed nezbytn\u00e9 pro v\u00fdkon pr\u00e1va na svobodu projevu a informace, pro spln\u011bn\u00ed n\u011bkter\u00e9 na\u0161\u00ed pr\u00e1vn\u00ed povinnosti nebo pro spln\u011bn\u00ed \u00fakolu prov\u00e1d\u011bn\u00e9ho ve ve\u0159ejn\u00e9m z\u00e1jmu, \u010di pro ur\u010den\u00ed, v\u00fdkon nebo obhajobu na\u0161ich pr\u00e1vn\u00edch n\u00e1rok\u016f.<\/p>\n\n\n\n<p><strong>Pr\u00e1vo na poskytnut\u00ed \u00fadaj\u016f ve strojov\u011b \u010diteln\u00e9 form\u011b<\/strong><br>Pokud n\u00e1s zasl\u00e1n\u00edm zpr\u00e1vy na e-mailovou adresu provozovatele po\u017e\u00e1d\u00e1te, abychom V\u00e1m poskytli n\u00e1mi zpracov\u00e1van\u00e9 osobn\u00ed \u00fadaje, za\u0161leme V\u00e1m je ve strukturovan\u00e9m b\u011b\u017en\u011b pou\u017e\u00edvan\u00e9m a strojov\u011b \u010diteln\u00e9m form\u00e1tu (nap\u0159. form\u00e1t *.pdf, nebo n\u011bkter\u00fd z&nbsp;tabulkov\u00fdch form\u00e1t\u016f), pokud takto \u00fadaje zpracov\u00e1v\u00e1me. Pokud n\u00e1s po\u017e\u00e1d\u00e1te, abychom Va\u0161e osobn\u00ed \u00fadaje zaslali jin\u00e9mu spr\u00e1vci osobn\u00edch \u00fadaj\u016f, m\u00e1me povinnost tak u\u010dinit, ov\u0161em op\u011bt jen v&nbsp;p\u0159\u00edpad\u011b, \u017ee je takto ji\u017e zpracov\u00e1v\u00e1me.<\/p>\n\n\n\n<p><strong>Pr\u00e1vo kdykoliv odvolat souhlas se zas\u00edl\u00e1n\u00edm obchodn\u00edch sd\u011blen\u00ed<\/strong><br>V&nbsp;p\u0159\u00edpad\u011b, \u017ee od n\u00e1s ji\u017e nebudete cht\u00edt dost\u00e1vat obchodn\u00ed sd\u011blen\u00ed, m\u016f\u017eete odvolat souhlas s&nbsp;jejich zas\u00edl\u00e1n\u00edm kdykoliv i bez ud\u00e1n\u00ed d\u016fvod\u016f bu\u010f kliknut\u00edm na ozna\u010den\u00fd odkaz, kter\u00fd bude sou\u010d\u00e1st\u00ed ka\u017ed\u00e9ho obchodn\u00edho sd\u011blen\u00ed, pop\u0159\u00edpad\u011b zasl\u00e1n\u00edm zpr\u00e1vy na e-mailovou adresu provozovatele.<\/p>\n\n\n\n<p><strong>Pr\u00e1vo podat st\u00ed\u017enost u \u00da\u0159adu na ochranu osobn\u00edch \u00fadaj\u016f<\/strong><br>V&nbsp;p\u0159\u00edpad\u011b, \u017ee podle Va\u0161eho n\u00e1zoru nenapln\u00edme v\u0161echny na\u0161e pr\u00e1vn\u00ed povinnosti vznikl\u00e9 v&nbsp;souvislosti se zpracov\u00e1n\u00edm Va\u0161ich osobn\u00edch \u00fadaj\u016f, m\u016f\u017eete se obr\u00e1tit na \u00da\u0159ad pro ochranu osobn\u00edch \u00fadaj\u016f, a to bu\u010f na adrese jejich s\u00eddla Pplk. Sochora 27, Praha 7, PS\u010c 170 00, na e-mailu&nbsp;<a href=\"mailto:posta@uoou.cz\">posta@uoou.cz<\/a>, \u010di jakoukoliv jinou cestou, kterou bude \u00da\u0159ad na ochranu osobn\u00edch \u00fadaj\u016f akceptovat. Bli\u017e\u0161\u00ed informace o \u00fa\u0159adu najdete na webov\u00fdch str\u00e1nk\u00e1ch&nbsp;<a target=\"_blank\" href=\"https:\/\/www.uoou.cz\/\" rel=\"noreferrer noopener\">www.uoou.cz<\/a>.<\/p>\n","protected":false},"excerpt":{"rendered":"<p>Z\u00e1sady ochrany osobn\u00edch \u00fadaj\u016f Bezpe\u010d\u00ed Va\u0161ich osobn\u00edch \u00fadaj\u016f je pro n\u00e1s z\u00e1sadn\u00ed, proto jim v\u011bnujeme n\u00e1le\u017eitou pozornost. Webov\u00e9 str\u00e1nky www.atelierbures.com jsou provozov\u00e1ny p\u0159edev\u0161\u00edm za \u00fa\u010delem [&hellip;]<\/p>\n","protected":false},"author":1,"featured_media":0,"parent":0,"menu_order":0,"comment_status":"closed","ping_status":"closed","template":"","meta":[],"_links":{"self":[{"href":"https:\/\/www.atelierbures.com\/index.php\/wp-json\/wp\/v2\/pages\/101"}],"collection":[{"href":"https:\/\/www.atelierbures.com\/index.php\/wp-json\/wp\/v2\/pages"}],"about":[{"href":"https:\/\/www.atelierbures.com\/index.php\/wp-json\/wp\/v2\/types\/page"}],"author":[{"embeddable":true,"href":"https:\/\/www.atelierbures.com\/index.php\/wp-json\/wp\/v2\/users\/1"}],"replies":[{"embeddable":true,"href":"https:\/\/www.atelierbures.com\/index.php\/wp-json\/wp\/v2\/comments?post=101"}],"version-history":[{"count":1,"href":"https:\/\/www.atelierbures.com\/index.php\/wp-json\/wp\/v2\/pages\/101\/revisions"}],"predecessor-version":[{"id":102,"href":"https:\/\/www.atelierbures.com\/index.php\/wp-json\/wp\/v2\/pages\/101\/revisions\/102"}],"wp:attachment":[{"href":"https:\/\/www.atelierbures.com\/index.php\/wp-json\/wp\/v2\/media?parent=101"}],"curies":[{"name":"wp","href":"https:\/\/api.w.org\/{rel}","templated":true}]}}